{"id":829,"date":"2012-10-13T10:35:44","date_gmt":"2012-10-13T08:35:44","guid":{"rendered":"http:\/\/www.small-apps.com\/?page_id=829"},"modified":"2018-09-25T03:03:18","modified_gmt":"2018-09-25T01:03:18","slug":"references","status":"publish","type":"page","link":"https:\/\/www.small-apps.com\/de\/references\/","title":{"rendered":"Referenzen"},"content":{"rendered":"<p>Wir haben die Scho\u00dfgebete App f\u00fcr die H\u00f6rbuch Hamburg HHV GmbH und fabrik neue medien gemacht. Teil des Teams waren Nicolas Patzelt, Michael Schropp und Thomas Patzelt.<\/p>\n<p>Wir haben die BR Volleys App f\u00fcr iPhone und Android f\u00fcr style for mobile GmbH und die Berlin Recycling Volleys entwickelt. Schaut Euch doch mal die<br \/>\n<a title=\"iPhone Version der BR Volleys App\" href=\"http:\/\/itunes.apple.com\/us\/app\/br-volleys\/id566605909?l=de&amp;ls=1&amp;mt=8\" target=\"_blank\" rel=\"noopener\">iPhone<\/a> und <a title=\"Android Version der BR Volleys App\" href=\"https:\/\/play.google.com\/store\/apps\/details?id=bucura.br.volleys&amp;feature=search_result#?t=W251bGwsMSwyLDEsImJ1Y3VyYS5ici52b2xsZXlzIl0.\" target=\"_blank\" rel=\"noopener\">Android<\/a> Version an.\u00a0Das\u00a0Teams bestand aus Roxana Bucura, Nicolas Patzelt, Michael Schropp und Thomas Patzelt.<\/p>\n<p>Carsten und Thomas haben an der iPhone-Version der App &#8222;<a title=\"Galileo &amp; EGNOS Satellites\" href=\"https:\/\/itunes.apple.com\/de\/app\/galileo-egnos-satellites\/id578228335?mt=8\" target=\"_blank\" rel=\"noopener\">Galileo &amp; EGNOS Satellites<\/a>&#8220; mitgearbeitet. Die App wurde von DKE-Aerospace f\u00fcr die Europ\u00e4ische Kommission entwickelt. Beeindruckendes Team und eine beeindruckende Leistung. Es hat Spa\u00df gemacht mal ein bisschen Satelliten-Luft zu schnuppern.<\/p>\n<p>In den letzten Jahren hat Thomas mit geholfen,<\/p>\n<ul>\n<li>die App\u00a0<a href=\"https:\/\/itunes.apple.com\/de\/app\/ehub-control\/id907107492?mt=8\" target=\"_blank\" rel=\"noopener\">eHub Control<\/a>\u00a0f\u00fcr den eHub der <a href=\"http:\/\/www.hirschmann-car.com\/de\/\" target=\"_blank\" rel=\"noopener\">Hirschmann-Car Communication<\/a>\u00a0zu entwickeln,<\/li>\n<li>hat an der BMW Service App mitgearbeitet,<\/li>\n<li>hat geholfen, bei Here den &#8222;In der N\u00e4he&#8220; Button \u00a0einzubauen und<\/li>\n<li>die Bauexpert App zu schreiben<\/li>\n<li>hat bei Familynet erst die Familynet App fehlerfreier gemacht und dann die Looping App geschrieben<\/li>\n<\/ul>\n<p><\/p>","protected":false},"excerpt":{"rendered":"<p>Wir haben die Scho\u00dfgebete App f\u00fcr die H\u00f6rbuch Hamburg HHV GmbH und fabrik neue medien gemacht. Teil des Teams waren Nicolas Patzelt, Michael Schropp und Thomas Patzelt. Wir haben die BR Volleys App f\u00fcr iPhone und Android f\u00fcr style for mobile GmbH und die Berlin Recycling Volleys entwickelt. Schaut Euch doch mal die iPhone und &hellip; <a href=\"https:\/\/www.small-apps.com\/de\/references\/\" class=\"more-link\"><span class=\"screen-reader-text\">\u201eReferenzen\u201c <\/span>weiterlesen<\/a><\/p>\n","protected":false},"author":1,"featured_media":0,"parent":0,"menu_order":11,"comment_status":"closed","ping_status":"open","template":"","meta":{"footnotes":""},"class_list":["post-829","page","type-page","status-publish","hentry"],"_links":{"self":[{"href":"https:\/\/www.small-apps.com\/de\/wp-json\/wp\/v2\/pages\/829","targetHints":{"allow":["GET"]}}],"collection":[{"href":"https:\/\/www.small-apps.com\/de\/wp-json\/wp\/v2\/pages"}],"about":[{"href":"https:\/\/www.small-apps.com\/de\/wp-json\/wp\/v2\/types\/page"}],"author":[{"embeddable":true,"href":"https:\/\/www.small-apps.com\/de\/wp-json\/wp\/v2\/users\/1"}],"replies":[{"embeddable":true,"href":"https:\/\/www.small-apps.com\/de\/wp-json\/wp\/v2\/comments?post=829"}],"version-history":[{"count":12,"href":"https:\/\/www.small-apps.com\/de\/wp-json\/wp\/v2\/pages\/829\/revisions"}],"predecessor-version":[{"id":1423,"href":"https:\/\/www.small-apps.com\/de\/wp-json\/wp\/v2\/pages\/829\/revisions\/1423"}],"wp:attachment":[{"href":"https:\/\/www.small-apps.com\/de\/wp-json\/wp\/v2\/media?parent=829"}],"curies":[{"name":"wp","href":"https:\/\/api.w.org\/{rel}","templated":true}]}}