{"id":727,"date":"2012-06-20T13:59:01","date_gmt":"2012-06-20T11:59:01","guid":{"rendered":"http:\/\/www.small-apps.com\/?page_id=727"},"modified":"2018-09-25T03:03:18","modified_gmt":"2018-09-25T01:03:18","slug":"datenschutzerklarung-privacy-policy","status":"publish","type":"page","link":"https:\/\/www.small-apps.com\/de\/support\/datenschutzerklarung-privacy-policy\/","title":{"rendered":"Datenschutzerkl\u00e4rung \/ Privacy Policy"},"content":{"rendered":"<p>Unsere Apps transferieren keine Daten von Ihrem Ger\u00e4t zu uns.<\/p>\n<p>Datenschutzerkl\u00e4rung in Kurzfassung:<\/p>\n<p>Datenschutzbeauftragter: Thomas Patzelt<br \/>\nWir geben keine Daten an Werbenetzwerke weiter. Wer Kommentare hinterl\u00e4sst, dessen Eingaben speichern wir, sonst speichern wir nichts von unseren Besuchern. Allerdings k\u00f6nnen wir auf die (\u00fcblichen) Access-Logs unseres Webhosters zugreifen und so sehen, welche IP-Adressen wann, welche unserer Seiten aufgerufen hat. Das hat sich bei der Analyse von Hackerangriffen schon bew\u00e4hrt. Wer m\u00f6chte, dass seine Daten gel\u00f6scht werden, schreibe bitte eine Email an unseren Datenschutzbeauftragten.<\/p>\n<p>Langfassung:<\/p>\n<p>Diese Datenschutzerkl\u00e4rung soll Sie \u00fcber die Art, den Umfang und den Zweck der Erhebung und Verwendung personenbezogener Daten durch den Betreiber dieser Website, die Firma Small-Apps UG (haftungsbeschr\u00e4nkt), informieren.<\/p>\n<p>Der Zweck der Erhebung und Verwendung von Daten in diesem Fall ist das Betreiben einer Webseite mit Informationen \u00fcber die <strong>Firma Small-Apps UG<\/strong> (<strong>haftungsbeschr\u00e4nkt<\/strong>).<\/p>\n<p>Die Webseite dient drei Zwecken:<\/p>\n<ol>\n<li>F\u00fcr G\u00e4ste: \u00fcber Small-Apps zu informieren<\/li>\n<li>F\u00fcr Apps: Daten zum Update von Apps bereit zu stellen<\/li>\n<li>F\u00fcr Kommentare: Unsere Artikel k\u00f6nnen kommentiert werden. Oft treten auch Neukunden so zu uns in Kontakt<\/li>\n<\/ol>\n<p>Wir, die Firma Small-Apps nehmen Ihren Datenschutz sehr ernst und behandeln Ihre personenbezogenen Daten vertraulich und entsprechend den gesetzlichen Vorschriften.<\/p>\n<p>Unsere Internetseite wird von einem deutschen Unternehmen in einem Rechenzentrum in Deutschland gespeichert.<\/p>\n<h3>Zugriffsdaten<\/h3>\n<p>Wie allgemein \u00fcblich werden auch beim Besuch unserer Website einige Datenverkehrsdaten aller Besucher von dem Betreiber unseres Rechenzentrums in Protokolldateien (Log-Files) gespeichert. Wir haben zugriff auf diese Logdateien, erheben sie aber nicht selber. Die Daten in den Logdateien geben Auskunft \u00fcber das genutzte Endger\u00e4t, den verwendeten Browser, den Zeitpunkt des Zugriffs und die \u00fcbertragenen Datenmengen. Mit Hilfe dieser Daten konnten wir z.B. einen Hackerangriff nachvollziehen und Gegenma\u00dfnahmen ergreifen.<\/p>\n<h3>Cookies<\/h3>\n<p>Diese Website verwendet Cookies f\u00fcr das Login der Administratoren und wenn man einen Kommentar hinterl\u00e4sst. Durch den Einsatz von Cookies erh\u00f6ht sich die Benutzerfreundlichkeit und Sicherheit dieser Website. Das Login ist nur mit Cookies m\u00f6glich.<\/p>\n<p>Ohne Kommentare oder Administratorzugang braucht man auch keine Cookies.<\/p>\n<h3>Umgang mit personenbezogenen Daten<\/h3>\n<p>Die Firma Small-Apps UG (haftungsbeschr\u00e4nkt) erhebt und nutzt Ihre Daten nur, wenn dies im gesetzlichen Rahmen erlaubt ist oder Sie in die Datenerhebung einwilligen.<\/p>\n<p>Bei Besucher(inne)n der Webseite speichern wir nur die oben angegebenen Verkehrsdaten.<\/p>\n<p>Wenn Sie auf unserer Webseite einen Kommentar hinterlassen, werden diese von Ihnen gemachten Eingaben in unserer Webseite f\u00fcr die Dauer, die der Kommentar angezeigt wird, gespeichert.<\/p>\n<p>Bei Administratoren, die ein Login besitzen, werden die f\u00fcr das Login gemachten Angaben f\u00fcr die Dauer, die das Login existiert, gespeichert.<\/p>\n<p>Wenn Sie Ihr Administratorkonto l\u00f6schen lassen m\u00f6chten, k\u00f6nnen Sie sich jederzeit gerne an uns wenden.<\/p>\n<h3>Umgang mit Kontaktdaten<\/h3>\n<p>Nehmen Sie mit dem uns durch die angebotenen Kontaktm\u00f6glichkeiten Verbindung auf, z. B. per E-Mail, werden Ihre Angaben gespeichert, damit auf diese zur Bearbeitung und Beantwortung Ihrer Anfrage zur\u00fcckgegriffen werden kann. Ohne Ihre Einwilligung werden diese Daten nicht an Dritte weitergegeben.<\/p>\n<h3>Rechte des Nutzers: Auskunft, Berichtigung und L\u00f6schung<\/h3>\n<p>Sie erhalten auf Antrag Ihrerseits kostenlose Auskunft dar\u00fcber, ob und welche personenbezogenen Daten \u00fcber Sie gespeichert wurden. Sofern Ihr Wunsch nicht mit einer gesetzlichen Pflicht zur Aufbewahrung von Daten (z. B. Buchhaltungsregeln) kollidiert, haben Sie ein Anrecht auf Berichtigung falscher Daten und auf die Sperrung oder L\u00f6schung Ihrer personenbezogenen Daten.<\/p>\n<h3>SSL-Verschl\u00fcsselung<\/h3>\n<p>Zur Sicherheit werden alle Ihre Daten an uns mit der g\u00e4ngigen SSL-Verschl\u00fcsselung verschl\u00fcsselt \u00fcbertragen. Wer will, kann unsere Webseite aber auch unter http ansurfen.<\/p>\n<h3>Nutzer unserer Apps<\/h3>\n<p>Einige unserer Apps fragen auf unserer Webseite regelm\u00e4\u00dfig nach neuen, aktualisierten Daten. \u00a0Dies sind:<\/p>\n<ul>\n<li>Regattakalender<\/li>\n<li>Diabetes App (Small-Apps als Herausgeber)<\/li>\n<li>BetterProtocols (Android)<\/li>\n<li>Deine Orte (iOS, seit Oktober 2016 aus Verkauf entfernt)<\/li>\n<\/ul>\n<p>Wir k\u00f6nnen alle diese Zugriffe in den oben erw\u00e4hnten Logfiles unseres Webhosters sehen (uns interessieren diese Zugriffe nicht, aber hier soll ja stehen, was wir k\u00f6nnten, wenn wir wollten).<\/p>\n<p>Um die App-Entwicklung zu verbessern, bekommen alle App-Entwickler Informationen von Apple oder Google \u00fcbermittelt, ob und (wenn vom Nutzer erlaubt) wo ihre App gecrasht ist. Dabei werden keine pers\u00f6nlichen Daten \u00fcbertragen. Teilnehmer an unsere Beta-Test-Programmen m\u00fcssen der \u00dcbermittlung der Crashdaten leider zustimmen. Da die Teilnehmermenge bei Beta-Tests gering ist, ist trotz anonymer Daten oft klar, bei wem der Test erfolgt ist. Wer das nicht m\u00f6chte, soll bitte nicht an unseren Beta-Tests teilnehmen. Darauf, welche Daten erhoben werden, haben wir keinen Einfluss, da das Teil der Hersteller-Software ist.<\/p>\n<p>Ausserdem bietet Apple uns die folgenden, anonymisierten Statistiken an:<br \/>\n&#8211; Anzahl der Installationen f\u00fcr eine App oder einen In-App Kauf<br \/>\n&#8211; Anzahl der Sitzungen, f\u00fcr alle Nutzer, die der \u00dcbermittlung dieser Daten mit opt-in zugestimmt haben<\/p>\n<p>Google bietet uns die folgenden anonymisierten Statistiken an:<br \/>\n&#8211; Anzahl der Installationen<br \/>\n&#8211; Anzahl der Deinstallation<br \/>\n&#8211; Anzahl der aktiven Installationen<\/p>\n<h3>Verantwortlicher im Sinne des Datenschutzrechts ist:<\/h3>\n<p>Thomas Patzelt, Inhaber<br \/>\nSmall-Apps UG (haftungsbeschr\u00e4nkt)<br \/>\nLuisenstr. 60, 14532 Stahnsdorf<\/p>","protected":false},"excerpt":{"rendered":"<p>Unsere Apps transferieren keine Daten von Ihrem Ger\u00e4t zu uns. Datenschutzerkl\u00e4rung in Kurzfassung: Datenschutzbeauftragter: Thomas Patzelt Wir geben keine Daten an Werbenetzwerke weiter. Wer Kommentare hinterl\u00e4sst, dessen Eingaben speichern wir, sonst speichern wir nichts von unseren Besuchern. Allerdings k\u00f6nnen wir auf die (\u00fcblichen) Access-Logs unseres Webhosters zugreifen und so sehen, welche IP-Adressen wann, welche unserer &hellip; <a href=\"https:\/\/www.small-apps.com\/de\/support\/datenschutzerklarung-privacy-policy\/\" class=\"more-link\"><span class=\"screen-reader-text\">\u201eDatenschutzerkl\u00e4rung \/ Privacy Policy\u201c <\/span>weiterlesen<\/a><\/p>\n","protected":false},"author":1,"featured_media":0,"parent":89,"menu_order":0,"comment_status":"closed","ping_status":"open","template":"","meta":{"footnotes":""},"class_list":["post-727","page","type-page","status-publish","hentry"],"_links":{"self":[{"href":"https:\/\/www.small-apps.com\/de\/wp-json\/wp\/v2\/pages\/727","targetHints":{"allow":["GET"]}}],"collection":[{"href":"https:\/\/www.small-apps.com\/de\/wp-json\/wp\/v2\/pages"}],"about":[{"href":"https:\/\/www.small-apps.com\/de\/wp-json\/wp\/v2\/types\/page"}],"author":[{"embeddable":true,"href":"https:\/\/www.small-apps.com\/de\/wp-json\/wp\/v2\/users\/1"}],"replies":[{"embeddable":true,"href":"https:\/\/www.small-apps.com\/de\/wp-json\/wp\/v2\/comments?post=727"}],"version-history":[{"count":5,"href":"https:\/\/www.small-apps.com\/de\/wp-json\/wp\/v2\/pages\/727\/revisions"}],"predecessor-version":[{"id":1446,"href":"https:\/\/www.small-apps.com\/de\/wp-json\/wp\/v2\/pages\/727\/revisions\/1446"}],"up":[{"embeddable":true,"href":"https:\/\/www.small-apps.com\/de\/wp-json\/wp\/v2\/pages\/89"}],"wp:attachment":[{"href":"https:\/\/www.small-apps.com\/de\/wp-json\/wp\/v2\/media?parent=727"}],"curies":[{"name":"wp","href":"https:\/\/api.w.org\/{rel}","templated":true}]}}