{"id":698,"date":"2012-06-15T15:57:09","date_gmt":"2012-06-15T13:57:09","guid":{"rendered":"http:\/\/www.small-apps.com\/?page_id=698"},"modified":"2018-09-25T03:03:17","modified_gmt":"2018-09-25T01:03:17","slug":"cakejumper","status":"publish","type":"page","link":"https:\/\/www.small-apps.com\/de\/unsere-apps\/iphone-apps\/cakejumper\/","title":{"rendered":"CakeJumper"},"content":{"rendered":"<p><a href=\"http:\/\/www.small-apps.com\/wp-content\/uploads\/2012\/06\/Screenshot-2012.06.15-19.00.28.png\"><img loading=\"lazy\" decoding=\"async\" class=\"alignleft size-medium wp-image-720\" title=\"Screenshot 2012.06.15 19.00.28\" alt=\"\" src=\"http:\/\/www.small-apps.com\/wp-content\/uploads\/2012\/06\/Screenshot-2012.06.15-19.00.28-300x200.png\" width=\"300\" height=\"200\" srcset=\"https:\/\/www.small-apps.com\/wp-content\/uploads\/2012\/06\/Screenshot-2012.06.15-19.00.28-300x200.png 300w, https:\/\/www.small-apps.com\/wp-content\/uploads\/2012\/06\/Screenshot-2012.06.15-19.00.28-450x300.png 450w, https:\/\/www.small-apps.com\/wp-content\/uploads\/2012\/06\/Screenshot-2012.06.15-19.00.28.png 960w\" sizes=\"auto, (max-width: 300px) 85vw, 300px\" \/><\/a>Hilf dem Jungen, so lange wie m\u00f6glich von Kuchen zu Kuchen durch eine Welt von Kuchen, Karotten, Eiscreme und Zuckerstangen zu springen.<\/p>\n<p>Spiele alleine oder gegen Deine Freunde und Freundinnen im Multi-Player-Modus.<\/p>\n<p>Das Spiel ist ein klassisches Jump and Run Spiel: Man muss springen und laufen (lassen), so um so weit wie m\u00f6glich zu kommen. Tipp auf den Bildschirm um Spr\u00fcnge und Doppelspr\u00fcnge zu machen. Die\u00a0Features:<\/p>\n<ul>\n<li>3 Schwierigkeitsstufen<\/li>\n<li>Liste der High-Scores &#8211; pro Stufe und mit Namen<\/li>\n<li>Das Spiel bringt seine eigene Musik mit<\/li>\n<li>Die Musik kann auch ausgeschaltet werden<\/li>\n<li>Die High-Score Liste kann zur\u00fcck gesetzt werden<\/li>\n<li>Hilfeseite<\/li>\n<li>Die Status-Leiste kann eingeblendet werden damit Du die die Uhrzeit im Blick behalten kannst<\/li>\n<li>Einzelspieler oder Mehrspieler Modus<\/li>\n<li>Unterst\u00fctzung f\u00fcr den gro\u00dfen Bildschirm des iPhone 5<\/li>\n<li>Deine Errungenschaften (Achievements) werden aufgelistet<\/li>\n<li>Deine Platzierungen werden auf dem Bildschirm angezeigt<\/li>\n<\/ul>\n<p>Das Spiel wurde von unserem Praktikanten Lukas J\u00fcnemann programmiert und basiert auf dem Spiel ixrunner von Patrick V\u00f6lcker (siehe\u00a0http:\/\/iosgames.de\/ ). Die Grafiken sind von Tina Bloch.<\/p>\n<p>Viel Spa\u00df!<\/p>\n<p>Link in den iTunes store:\u00a0https:\/\/itunes.apple.com\/de\/app\/cakejumper\/id536119973?mt=8<\/p>","protected":false},"excerpt":{"rendered":"<p>Hilf dem Jungen, so lange wie m\u00f6glich von Kuchen zu Kuchen durch eine Welt von Kuchen, Karotten, Eiscreme und Zuckerstangen zu springen. Spiele alleine oder gegen Deine Freunde und Freundinnen im Multi-Player-Modus. Das Spiel ist ein klassisches Jump and Run Spiel: Man muss springen und laufen (lassen), so um so weit wie m\u00f6glich zu kommen. &hellip; <a href=\"https:\/\/www.small-apps.com\/de\/unsere-apps\/iphone-apps\/cakejumper\/\" class=\"more-link\"><span class=\"screen-reader-text\">\u201eCakeJumper\u201c <\/span>weiterlesen<\/a><\/p>\n","protected":false},"author":1,"featured_media":0,"parent":1037,"menu_order":0,"comment_status":"closed","ping_status":"closed","template":"","meta":{"footnotes":""},"class_list":["post-698","page","type-page","status-publish","hentry"],"_links":{"self":[{"href":"https:\/\/www.small-apps.com\/de\/wp-json\/wp\/v2\/pages\/698","targetHints":{"allow":["GET"]}}],"collection":[{"href":"https:\/\/www.small-apps.com\/de\/wp-json\/wp\/v2\/pages"}],"about":[{"href":"https:\/\/www.small-apps.com\/de\/wp-json\/wp\/v2\/types\/page"}],"author":[{"embeddable":true,"href":"https:\/\/www.small-apps.com\/de\/wp-json\/wp\/v2\/users\/1"}],"replies":[{"embeddable":true,"href":"https:\/\/www.small-apps.com\/de\/wp-json\/wp\/v2\/comments?post=698"}],"version-history":[{"count":27,"href":"https:\/\/www.small-apps.com\/de\/wp-json\/wp\/v2\/pages\/698\/revisions"}],"predecessor-version":[{"id":1042,"href":"https:\/\/www.small-apps.com\/de\/wp-json\/wp\/v2\/pages\/698\/revisions\/1042"}],"up":[{"embeddable":true,"href":"https:\/\/www.small-apps.com\/de\/wp-json\/wp\/v2\/pages\/1037"}],"wp:attachment":[{"href":"https:\/\/www.small-apps.com\/de\/wp-json\/wp\/v2\/media?parent=698"}],"curies":[{"name":"wp","href":"https:\/\/api.w.org\/{rel}","templated":true}]}}