{"id":653,"date":"2012-05-15T15:16:55","date_gmt":"2012-05-15T13:16:55","guid":{"rendered":"http:\/\/www.small-apps.com\/?page_id=653"},"modified":"2018-09-25T03:03:18","modified_gmt":"2018-09-25T01:03:18","slug":"portfolio","status":"publish","type":"page","link":"https:\/\/www.small-apps.com\/de\/uber-uns\/portfolio\/","title":{"rendered":"Portfolio"},"content":{"rendered":"<p><strong>Scho\u00dfgebete<\/strong><\/p>\n<p>Unsere App mit den meisten Downloads ist die Scho\u00dfgebete-App. Sie ist eine Auftragsarbeit und soll f\u00fcr ein H\u00f6rbuch werben. Hier der RSS-Feed:<\/p>\n<p><a href=\"http:\/\/www.small-apps.com\/wp-content\/uploads\/2012\/05\/Screenshot-2011.09.12-07.47.10.png\"><img loading=\"lazy\" decoding=\"async\" class=\"alignnone size-medium wp-image-662\" title=\"Screenshot 2011.09.12 07.47.10\" src=\"http:\/\/www.small-apps.com\/wp-content\/uploads\/2012\/05\/Screenshot-2011.09.12-07.47.10-200x300.png\" alt=\"\" width=\"200\" height=\"300\" srcset=\"https:\/\/www.small-apps.com\/wp-content\/uploads\/2012\/05\/Screenshot-2011.09.12-07.47.10-200x300.png 200w, https:\/\/www.small-apps.com\/wp-content\/uploads\/2012\/05\/Screenshot-2011.09.12-07.47.10.png 320w\" sizes=\"auto, (max-width: 200px) 85vw, 200px\" \/><\/a><\/p>\n<p>Danach kommt die H\u00f6rbuch-Vorstellung:<\/p>\n<p><a href=\"http:\/\/www.small-apps.com\/wp-content\/uploads\/2012\/05\/Screenshot-2011.09.12-07.37.16.png\"><img loading=\"lazy\" decoding=\"async\" class=\"alignnone size-medium wp-image-666\" title=\"Screenshot 2011.09.12 07.37.16\" src=\"http:\/\/www.small-apps.com\/wp-content\/uploads\/2012\/05\/Screenshot-2011.09.12-07.37.16-200x300.png\" alt=\"\" width=\"200\" height=\"300\" srcset=\"https:\/\/www.small-apps.com\/wp-content\/uploads\/2012\/05\/Screenshot-2011.09.12-07.37.16-200x300.png 200w, https:\/\/www.small-apps.com\/wp-content\/uploads\/2012\/05\/Screenshot-2011.09.12-07.37.16.png 320w\" sizes=\"auto, (max-width: 200px) 85vw, 200px\" \/><\/a><a href=\"http:\/\/www.small-apps.com\/wp-content\/uploads\/2012\/05\/Screenshot-2011.09.12-07.38.38.png\"><img loading=\"lazy\" decoding=\"async\" class=\"alignnone size-medium wp-image-665\" title=\"Screenshot 2011.09.12 07.38.38\" src=\"http:\/\/www.small-apps.com\/wp-content\/uploads\/2012\/05\/Screenshot-2011.09.12-07.38.38-200x300.png\" alt=\"\" width=\"200\" height=\"300\" srcset=\"https:\/\/www.small-apps.com\/wp-content\/uploads\/2012\/05\/Screenshot-2011.09.12-07.38.38-200x300.png 200w, https:\/\/www.small-apps.com\/wp-content\/uploads\/2012\/05\/Screenshot-2011.09.12-07.38.38.png 320w\" sizes=\"auto, (max-width: 200px) 85vw, 200px\" \/><\/a><\/p>\n<p>Zum Kennenlernen des H\u00f6rbuches sind Audio und Video Beispiele enthalten:<\/p>\n<p><a href=\"http:\/\/www.small-apps.com\/wp-content\/uploads\/2012\/05\/Screenshot-2011.09.12-07.38.50.png\"><img loading=\"lazy\" decoding=\"async\" class=\"alignnone size-medium wp-image-663\" title=\"Screenshot 2011.09.12 07.38.50\" src=\"http:\/\/www.small-apps.com\/wp-content\/uploads\/2012\/05\/Screenshot-2011.09.12-07.38.50-200x300.png\" alt=\"\" width=\"200\" height=\"300\" srcset=\"https:\/\/www.small-apps.com\/wp-content\/uploads\/2012\/05\/Screenshot-2011.09.12-07.38.50-200x300.png 200w, https:\/\/www.small-apps.com\/wp-content\/uploads\/2012\/05\/Screenshot-2011.09.12-07.38.50.png 320w\" sizes=\"auto, (max-width: 200px) 85vw, 200px\" \/><\/a><\/p>\n<p>Wenn man das H\u00f6rbuch nicht besitzt, ist das vierte Schaltfeld mit Download beschriftet und wirbt noch einmal f\u00fcr das H\u00f6rbuch. Hat man das H\u00f6rbuch jedoch, so erscheint stattdessen das Abspielen Fenster\u00a0mit einem eingebauten H\u00f6rbuch-Player. Der Player ist von uns gestaltet und programmiert, er merkt sich, wenn man ein Kapitel zu Ende geh\u00f6rt hat und macht dann eine H\u00e4kchen an dieses Kapitel dran.<\/p>\n<p><a href=\"http:\/\/www.small-apps.com\/wp-content\/uploads\/2012\/05\/Screenshot-2011.09.12-07.48.51.png\"><img loading=\"lazy\" decoding=\"async\" class=\"alignnone size-medium wp-image-661\" title=\"Screenshot 2011.09.12 07.48.51\" src=\"http:\/\/www.small-apps.com\/wp-content\/uploads\/2012\/05\/Screenshot-2011.09.12-07.48.51-200x300.png\" alt=\"\" width=\"200\" height=\"300\" srcset=\"https:\/\/www.small-apps.com\/wp-content\/uploads\/2012\/05\/Screenshot-2011.09.12-07.48.51-200x300.png 200w, https:\/\/www.small-apps.com\/wp-content\/uploads\/2012\/05\/Screenshot-2011.09.12-07.48.51.png 320w\" sizes=\"auto, (max-width: 200px) 85vw, 200px\" \/><\/a><a href=\"http:\/\/www.small-apps.com\/wp-content\/uploads\/2012\/05\/Screenshot-2011.09.15-16.16.35.png\"><img loading=\"lazy\" decoding=\"async\" class=\"alignnone size-medium wp-image-660\" title=\"Screenshot 2011.09.15 16.16.35\" src=\"http:\/\/www.small-apps.com\/wp-content\/uploads\/2012\/05\/Screenshot-2011.09.15-16.16.35-200x300.png\" alt=\"\" width=\"200\" height=\"300\" srcset=\"https:\/\/www.small-apps.com\/wp-content\/uploads\/2012\/05\/Screenshot-2011.09.15-16.16.35-200x300.png 200w, https:\/\/www.small-apps.com\/wp-content\/uploads\/2012\/05\/Screenshot-2011.09.15-16.16.35.png 320w\" sizes=\"auto, (max-width: 200px) 85vw, 200px\" \/><\/a><\/p>\n<p><strong>E10-Liste<\/strong><\/p>\n<p>Die E10-Liste war in 2011 ein Schnellschuss. Wir hatten eine Software geschrieben, die Daten, die als XML-Datei in einer Hierarchie von Strings vorliegen dynamisch anzeigen kann. Die Software entscheidet dynamisch, wie die Daten angezeigt werden: Einzeilig, mehrzeilig, ganzseitig. Um die Software mal zu testen, hat unser Student Leonard alle Daten \u00fcber die E10-F\u00e4higkeit von Autos zusammen gesucht und ich habe es als kostenlose App ver\u00f6ffentlicht. Etwas sp\u00e4ter habe ich noch iAds eingebaut, in der Hoffnung damit etwas Geld zu verdienen. Hat leider nicht geklappt, es klickt leider fast niemand auf die Werbe-Einblendungen. Das Design der App ist, naja &#8230;nennen wir es &#8222;reduziert&#8220;. Was der Screenshot auch zeigt.<\/p>\n<p><a href=\"http:\/\/www.small-apps.com\/wp-content\/uploads\/2012\/05\/Screenshot-2011.11.09-15.49.03.png\"><img loading=\"lazy\" decoding=\"async\" class=\"alignnone size-medium wp-image-659\" title=\"Screenshot 2011.11.09 15.49.03\" src=\"http:\/\/www.small-apps.com\/wp-content\/uploads\/2012\/05\/Screenshot-2011.11.09-15.49.03-200x300.png\" alt=\"\" width=\"200\" height=\"300\" srcset=\"https:\/\/www.small-apps.com\/wp-content\/uploads\/2012\/05\/Screenshot-2011.11.09-15.49.03-200x300.png 200w, https:\/\/www.small-apps.com\/wp-content\/uploads\/2012\/05\/Screenshot-2011.11.09-15.49.03.png 640w\" sizes=\"auto, (max-width: 200px) 85vw, 200px\" \/><\/a><\/p>\n<p>&#8230; to be continued.<\/p>","protected":false},"excerpt":{"rendered":"<p>Scho\u00dfgebete Unsere App mit den meisten Downloads ist die Scho\u00dfgebete-App. Sie ist eine Auftragsarbeit und soll f\u00fcr ein H\u00f6rbuch werben. Hier der RSS-Feed: Danach kommt die H\u00f6rbuch-Vorstellung: Zum Kennenlernen des H\u00f6rbuches sind Audio und Video Beispiele enthalten: Wenn man das H\u00f6rbuch nicht besitzt, ist das vierte Schaltfeld mit Download beschriftet und wirbt noch einmal f\u00fcr &hellip; <a href=\"https:\/\/www.small-apps.com\/de\/uber-uns\/portfolio\/\" class=\"more-link\"><span class=\"screen-reader-text\">\u201ePortfolio\u201c <\/span>weiterlesen<\/a><\/p>\n","protected":false},"author":1,"featured_media":0,"parent":87,"menu_order":0,"comment_status":"closed","ping_status":"open","template":"","meta":{"footnotes":""},"class_list":["post-653","page","type-page","status-publish","hentry"],"_links":{"self":[{"href":"https:\/\/www.small-apps.com\/de\/wp-json\/wp\/v2\/pages\/653","targetHints":{"allow":["GET"]}}],"collection":[{"href":"https:\/\/www.small-apps.com\/de\/wp-json\/wp\/v2\/pages"}],"about":[{"href":"https:\/\/www.small-apps.com\/de\/wp-json\/wp\/v2\/types\/page"}],"author":[{"embeddable":true,"href":"https:\/\/www.small-apps.com\/de\/wp-json\/wp\/v2\/users\/1"}],"replies":[{"embeddable":true,"href":"https:\/\/www.small-apps.com\/de\/wp-json\/wp\/v2\/comments?post=653"}],"version-history":[{"count":4,"href":"https:\/\/www.small-apps.com\/de\/wp-json\/wp\/v2\/pages\/653\/revisions"}],"predecessor-version":[{"id":1485,"href":"https:\/\/www.small-apps.com\/de\/wp-json\/wp\/v2\/pages\/653\/revisions\/1485"}],"up":[{"embeddable":true,"href":"https:\/\/www.small-apps.com\/de\/wp-json\/wp\/v2\/pages\/87"}],"wp:attachment":[{"href":"https:\/\/www.small-apps.com\/de\/wp-json\/wp\/v2\/media?parent=653"}],"curies":[{"name":"wp","href":"https:\/\/api.w.org\/{rel}","templated":true}]}}