{"id":108,"date":"2012-01-24T18:05:09","date_gmt":"2012-01-24T17:05:09","guid":{"rendered":"http:\/\/www.small-apps.com\/?page_id=108"},"modified":"2018-09-25T03:03:17","modified_gmt":"2018-09-25T01:03:17","slug":"taschengeld-app","status":"publish","type":"page","link":"https:\/\/www.small-apps.com\/de\/unsere-apps\/iphone-apps\/taschengeld-app\/","title":{"rendered":"Taschengeld App"},"content":{"rendered":"<p>Was andere \u00fcber Taschengeld sagen:<\/p>\n<p>Tr\u00e8s simple et efficace &#8212; Version 1.0.2, 12.6.11, Moussinho<\/p>\n<p>&#8212;<\/p>\n<p>Mit Taschengeld App kann ich jetzt mit wenigen Klicks vermerken, dass ich meinem Sohn sein Taschengeld gezahlt habe. Und es ist trotzdem vor \u00c4nderungen gesch\u00fctzt!<\/p>\n<p>Zwei Klicks &#8211; Fertig!<\/p>\n<p>Die Taschengeld App l\u00f6st mein Problem, dass ich f\u00fcr das \u201ebezahlt\u201c eintragen bei Text-Listen immer so viele Klicks ben\u00f6tigte, dass ich es nach einiger Zeit aus Faulheit nicht mehr getan habe.<\/p>\n<p>In Taschengeld App braucht man aber nur zwei (2) Klicks bis das Taschengeld eingetragen ist: Einen, um das Kind auszuw\u00e4hlen, einen um den Betrag als bezahlt zu vermerken.<\/p>\n<p>Sicherheit ohne Passwort<\/p>\n<p>\u201eAber wenn man kein Passwort eintippt, dann ist doch alles von den Kindern \u00e4nderbar\u201c, h\u00f6re ich Euch sagen. Nun ja, daran haben wir gedacht: Jede \u00c4nderung wird protokolliert und eine kurze \u00dcberpr\u00fcfung des Protokolls stellt sicher, dass kein \u201eBengel\u201c etwas an den Einstellungen \u201everbessert\u201c hat &#8211; und wenn doch, dann wird es eben R\u00fcckg\u00e4ngig gemacht &#8211; und man l\u00e4chelt weise und freut sich \u00fcber die Cleverness der Kinder.<\/p>\n<p>&nbsp;<\/p>\n<p>Unsere Empfehlungen F\u00fcr Taschengeld<\/p>\n<p>Nat\u00fcrlich haben wir noch einige Empfehlungen f\u00fcr die Verwendung von Taschengeld und eine Taschengeld Tabelle dazu getan. So sind Diskussionen mit den Kindern etwas leichter zu beenden. Meine Erfahrung aus der Kindheit ist \u00fcbrigens:<\/p>\n<p>Es bekommt immer jemand mehr Taschengeld als Ich.<\/p>\n<p>&nbsp;<\/p>\n<p>VoiceOver<\/p>\n<p>Nat\u00fcrlich ist die Applikation mit VoiceOver f\u00fcr verbesserte Bedienung sehbehinderter getestet.<\/p>\n<p><a href=\"http:\/\/itunes.com\/apps\/taschengeldapp\">Hier ist der Link zur Taschengeld APP im iTunes APP Store<\/a><\/p>\n<p>Wenn Euch die App gef\u00e4llt, schreibt doch einen Review im App Store. Etwas am\u00fcsiert lesen wir auch immer wieder die gleichen Kommentare, dass man dieses Problem auch anders l\u00f6sen kann. Falsch, nicht aufgepasst! Denn das geht eben NICHT mit F\u00e4lschungssicherheit UND nur zwei Klicks! Daf\u00fcr brauchte ich diese App und habe sie geschrieben. Und die anderen K\u00e4ufer scheinen das genauso zu sehen&#8230;<\/p>","protected":false},"excerpt":{"rendered":"<p>Was andere \u00fcber Taschengeld sagen: Tr\u00e8s simple et efficace &#8212; Version 1.0.2, 12.6.11, Moussinho &#8212; Mit Taschengeld App kann ich jetzt mit wenigen Klicks vermerken, dass ich meinem Sohn sein Taschengeld gezahlt habe. Und es ist trotzdem vor \u00c4nderungen gesch\u00fctzt! Zwei Klicks &#8211; Fertig! Die Taschengeld App l\u00f6st mein Problem, dass ich f\u00fcr das \u201ebezahlt\u201c &hellip; <a href=\"https:\/\/www.small-apps.com\/de\/unsere-apps\/iphone-apps\/taschengeld-app\/\" class=\"more-link\"><span class=\"screen-reader-text\">\u201eTaschengeld App\u201c <\/span>weiterlesen<\/a><\/p>\n","protected":false},"author":1,"featured_media":0,"parent":1037,"menu_order":0,"comment_status":"closed","ping_status":"closed","template":"","meta":{"footnotes":""},"class_list":["post-108","page","type-page","status-publish","hentry"],"_links":{"self":[{"href":"https:\/\/www.small-apps.com\/de\/wp-json\/wp\/v2\/pages\/108","targetHints":{"allow":["GET"]}}],"collection":[{"href":"https:\/\/www.small-apps.com\/de\/wp-json\/wp\/v2\/pages"}],"about":[{"href":"https:\/\/www.small-apps.com\/de\/wp-json\/wp\/v2\/types\/page"}],"author":[{"embeddable":true,"href":"https:\/\/www.small-apps.com\/de\/wp-json\/wp\/v2\/users\/1"}],"replies":[{"embeddable":true,"href":"https:\/\/www.small-apps.com\/de\/wp-json\/wp\/v2\/comments?post=108"}],"version-history":[{"count":3,"href":"https:\/\/www.small-apps.com\/de\/wp-json\/wp\/v2\/pages\/108\/revisions"}],"predecessor-version":[{"id":1044,"href":"https:\/\/www.small-apps.com\/de\/wp-json\/wp\/v2\/pages\/108\/revisions\/1044"}],"up":[{"embeddable":true,"href":"https:\/\/www.small-apps.com\/de\/wp-json\/wp\/v2\/pages\/1037"}],"wp:attachment":[{"href":"https:\/\/www.small-apps.com\/de\/wp-json\/wp\/v2\/media?parent=108"}],"curies":[{"name":"wp","href":"https:\/\/api.w.org\/{rel}","templated":true}]}}