{"id":104,"date":"2012-01-24T18:00:46","date_gmt":"2012-01-24T17:00:46","guid":{"rendered":"http:\/\/www.small-apps.com\/?page_id=104"},"modified":"2018-09-25T03:02:41","modified_gmt":"2018-09-25T01:02:41","slug":"wurfelbecher","status":"publish","type":"page","link":"https:\/\/www.small-apps.com\/de\/unsere-apps\/iphone-apps\/wurfelbecher\/","title":{"rendered":"W\u00fcrfelbecher"},"content":{"rendered":"<p>Mit W\u00fcrfelbecher kann man &#8230;<\/p>\n<p>&#8230;M\u00e4xchen, Meiern, Schummeln oder einfach nur wirklich zuf\u00e4llige Zahlen w\u00fcrfeln !<\/p>\n<p>\u201eW\u00fcrfelbecher\u201c Features:<\/p>\n<ul>\n<li>Einstellbar, ob mit einem W\u00fcrfel oder mit bis zu sieben W\u00fcrfeln gew\u00fcrfelt wird<\/li>\n<li>Die W\u00fcrfel-Augenzahl wird mit einem richtig guten Zufalls-Zahlen-Generator erzeugt<\/li>\n<li>Gew\u00fcrfelt wird mit Sch\u00fctteln<\/li>\n<li>Es ert\u00f6nt ein W\u00fcrfelger\u00e4usch. So h\u00f6rt man auch, wenn jemand aus Verzweiflung heimlich zweimal w\u00fcrfelt<\/li>\n<li>Wenn das Ger\u00e4t einen Vibrationsmechanismus hat, vibriert es leicht<\/li>\n<li>Einstellbare Empfindlichkeit f\u00fcr das Sch\u00fctteln &#8211; die Ger\u00e4te sind leider etwas unterschiedlich empfindlich und\u00a0dadurch ist W\u00fcrfelbecher jetzt leichter auf dem iPod touch der 4. Generation zu spielen<\/li>\n<li>Zugedeckt (der W\u00fcrfelbecher \u00fcber die W\u00fcrfel gelegt) wird mit den Fingern irgendwo auf dem Display &#8211; ein Finger reicht, mehrere st\u00f6ren nicht<\/li>\n<li>Wenn man den iPod oder das iPhone beim spielen weiter gibt, bleiben die W\u00fcrfel bedeckt, solange immer ein Finger auf dem Display ist<\/li>\n<li>Wenn heimlich aufgedeckt wird, kann man das h\u00f6ren &#8211; es macht \u201eplopp!\u201c &#8211; ein Schummler weniger<\/li>\n<li>Unterst\u00fctzung verschiedener Sprachen: Deutsch, Englisch, Spanisch und Franz\u00f6sisch<\/li>\n<\/ul>\n<p>M\u00e4xchen bzw. Meiern lassen sich sehr leicht spielen, aber auch andere W\u00fcrfelspiele gehen mit W\u00fcrfelbecher gut zu spielen.<\/p>\n<p>Accessibility \/ VoiceOver:<\/p>\n<p>Support f\u00fcr Sehbehinderte und Blinde oder alle, die es m\u00f6gen: Die W\u00fcrfel-Augenzahl wird angesagt, wenn man im VoiceOver Modus auf den W\u00fcrfel tippt.<\/p>\n<p>&nbsp;<\/p>\n<p>Frage: Was ist Meiern?<\/p>\n<p>Antwort: Meiern, laut Wikipedia \u201eauch als M\u00e4xchen, Meier und unter weiteren Bezeichnungen wie M\u00e4x(le), L\u00fcgenmax(-m\u00e4xchen), Schummelmax, Schwindelm\u00e4x, Mexican, Mexico, Meterpeter, M\u00e4xchen Meier, L\u00fcgen, Riegen, Einundzwanzig u.\u00e4. bekannt, ist ein bekanntes W\u00fcrfelspiel\u201c.<\/p>\n<p>Man spielt es zu Mehreren mit zwei W\u00fcrfeln. Beide W\u00fcrfel ergeben die Ziffer einer Zahl. Die gr\u00f6\u00dfere Ziffer ist der Zehner, die kleinere der Einer. Pasch (beide Zahlen gleich) sind h\u00f6her und die kleinste Zahl (21) wird zur H\u00f6chsten erkoren (M\u00e4xchen). Daraus ergibt sich die folgende Reihenfolge von niedrig nach hoch:<\/p>\n<p style=\"padding-left: 30px;\">31, 32, 41, 42, 43, 51, 52, 53, 54, 61, 62, 63, 64, 65, 11, 22, 33, 44, 55, 66, 21<\/p>\n<p>Jetzt kommt der Trick: Ich muss eine h\u00f6here Zahl als bisher w\u00fcrfeln, sonst bin ich raus. Da ich den W\u00fcrfelbecher aber zugedeckt weitergebe, kann man ich auch einfach nur behaupten, eine h\u00f6here Zahl als bisher gew\u00fcrfelt zu haben. Glaubt mir der n\u00e4chste Mitspieler nicht, so kann er aufdecken. Beim Aufdecken gilt: Habe ich geschummelt, bin ich raus, hatte ich allerdings mindestens so viel gew\u00fcrfelt, wie ich gesagt hatte, dann habe ich ja nicht geschummelt und der Aufdecker ist raus.<\/p>\n<p>Frage: Warum haben wir keine bewegenden W\u00fcrfel (Animation)?<\/p>\n<p>Antwort: Weil wir wollen, dass alle Zahlen zuf\u00e4llig sind &#8211; und nicht durch eine Bewegungs-Simulation mit unbekanntem Zufallsprinzip ersetzt werden.<\/p>","protected":false},"excerpt":{"rendered":"<p>Mit W\u00fcrfelbecher kann man &#8230; &#8230;M\u00e4xchen, Meiern, Schummeln oder einfach nur wirklich zuf\u00e4llige Zahlen w\u00fcrfeln ! \u201eW\u00fcrfelbecher\u201c Features: Einstellbar, ob mit einem W\u00fcrfel oder mit bis zu sieben W\u00fcrfeln gew\u00fcrfelt wird Die W\u00fcrfel-Augenzahl wird mit einem richtig guten Zufalls-Zahlen-Generator erzeugt Gew\u00fcrfelt wird mit Sch\u00fctteln Es ert\u00f6nt ein W\u00fcrfelger\u00e4usch. So h\u00f6rt man auch, wenn jemand aus &hellip; <a href=\"https:\/\/www.small-apps.com\/de\/unsere-apps\/iphone-apps\/wurfelbecher\/\" class=\"more-link\"><span class=\"screen-reader-text\">\u201eW\u00fcrfelbecher\u201c <\/span>weiterlesen<\/a><\/p>\n","protected":false},"author":1,"featured_media":0,"parent":1037,"menu_order":0,"comment_status":"closed","ping_status":"closed","template":"","meta":{"footnotes":""},"class_list":["post-104","page","type-page","status-publish","hentry"],"_links":{"self":[{"href":"https:\/\/www.small-apps.com\/de\/wp-json\/wp\/v2\/pages\/104","targetHints":{"allow":["GET"]}}],"collection":[{"href":"https:\/\/www.small-apps.com\/de\/wp-json\/wp\/v2\/pages"}],"about":[{"href":"https:\/\/www.small-apps.com\/de\/wp-json\/wp\/v2\/types\/page"}],"author":[{"embeddable":true,"href":"https:\/\/www.small-apps.com\/de\/wp-json\/wp\/v2\/users\/1"}],"replies":[{"embeddable":true,"href":"https:\/\/www.small-apps.com\/de\/wp-json\/wp\/v2\/comments?post=104"}],"version-history":[{"count":5,"href":"https:\/\/www.small-apps.com\/de\/wp-json\/wp\/v2\/pages\/104\/revisions"}],"predecessor-version":[{"id":1045,"href":"https:\/\/www.small-apps.com\/de\/wp-json\/wp\/v2\/pages\/104\/revisions\/1045"}],"up":[{"embeddable":true,"href":"https:\/\/www.small-apps.com\/de\/wp-json\/wp\/v2\/pages\/1037"}],"wp:attachment":[{"href":"https:\/\/www.small-apps.com\/de\/wp-json\/wp\/v2\/media?parent=104"}],"curies":[{"name":"wp","href":"https:\/\/api.w.org\/{rel}","templated":true}]}}